{"id":213,"date":"2023-11-10T21:42:15","date_gmt":"2023-11-10T21:42:15","guid":{"rendered":"https:\/\/aysenyasar.com\/?page_id=213"},"modified":"2023-12-19T14:13:51","modified_gmt":"2023-12-19T14:13:51","slug":"faaliyet-alanlari","status":"publish","type":"page","link":"https:\/\/aysenyasar.com\/tr\/faaliyet-alanlari\/","title":{"rendered":"Faaliyet Alanlar\u0131"},"content":{"rendered":"\t\t<div data-elementor-type=\"wp-page\" data-elementor-id=\"213\" class=\"elementor elementor-213\" data-elementor-post-type=\"page\">\n\t\t\t\t<div class=\"elementor-element elementor-element-183b3643 e-con-full e-flex e-con e-parent\" data-id=\"183b3643\" data-element_type=\"container\" data-e-type=\"container\" data-settings=\"{&quot;background_background&quot;:&quot;classic&quot;}\">\n\t\t\t\t<\/div>\n\t\t<div class=\"elementor-element elementor-element-7c5d234 e-flex e-con-boxed e-con e-parent\" data-id=\"7c5d234\" data-element_type=\"container\" data-e-type=\"container\">\n\t\t\t\t\t<div class=\"e-con-inner\">\n\t\t\t\t<div class=\"elementor-element elementor-element-209afdd elementor-widget elementor-widget-spacer\" data-id=\"209afdd\" data-element_type=\"widget\" data-e-type=\"widget\" data-widget_type=\"spacer.default\">\n\t\t\t\t<div class=\"elementor-widget-container\">\n\t\t\t\t\t\t\t<div class=\"elementor-spacer\">\n\t\t\t<div class=\"elementor-spacer-inner\"><\/div>\n\t\t<\/div>\n\t\t\t\t\t\t<\/div>\n\t\t\t\t<\/div>\n\t\t<div class=\"elementor-element elementor-element-0e3af78 e-flex e-con-boxed e-con e-child\" data-id=\"0e3af78\" data-element_type=\"container\" data-e-type=\"container\">\n\t\t\t\t\t<div class=\"e-con-inner\">\n\t\t\t\t\t<\/div>\n\t\t\t\t<\/div>\n\t\t\t\t\t<\/div>\n\t\t\t\t<\/div>\n\t\t<div class=\"elementor-element elementor-element-75e1378c e-flex e-con-boxed e-con e-parent\" data-id=\"75e1378c\" data-element_type=\"container\" data-e-type=\"container\">\n\t\t\t\t\t<div class=\"e-con-inner\">\n\t\t<div class=\"elementor-element elementor-element-706a1b10 e-con-full e-flex e-con e-child\" data-id=\"706a1b10\" data-element_type=\"container\" data-e-type=\"container\">\n\t\t\t\t<div class=\"elementor-element elementor-element-40f3b1a4 elementor-posts--thumbnail-none elementor-posts--align-center elementor-grid-3 elementor-grid-tablet-2 elementor-grid-mobile-1 elementor-widget elementor-widget-posts\" data-id=\"40f3b1a4\" data-element_type=\"widget\" data-e-type=\"widget\" data-settings=\"{&quot;classic_row_gap&quot;:{&quot;unit&quot;:&quot;px&quot;,&quot;size&quot;:30,&quot;sizes&quot;:[]},&quot;classic_columns&quot;:&quot;3&quot;,&quot;classic_columns_tablet&quot;:&quot;2&quot;,&quot;classic_columns_mobile&quot;:&quot;1&quot;,&quot;classic_row_gap_laptop&quot;:{&quot;unit&quot;:&quot;px&quot;,&quot;size&quot;:&quot;&quot;,&quot;sizes&quot;:[]},&quot;classic_row_gap_tablet&quot;:{&quot;unit&quot;:&quot;px&quot;,&quot;size&quot;:&quot;&quot;,&quot;sizes&quot;:[]},&quot;classic_row_gap_mobile&quot;:{&quot;unit&quot;:&quot;px&quot;,&quot;size&quot;:&quot;&quot;,&quot;sizes&quot;:[]}}\" data-widget_type=\"posts.classic\">\n\t\t\t\t<div class=\"elementor-widget-container\">\n\t\t\t\t\t\t\t<div class=\"elementor-posts-container elementor-posts elementor-posts--skin-classic elementor-grid\">\n\t\t\t\t<article class=\"elementor-post elementor-grid-item post-455 post type-post status-publish format-standard has-post-thumbnail hentry category-faaliyet-alanlari entry\">\n\t\t\t\t<div class=\"elementor-post__text\">\n\t\t\t\t<h3 class=\"elementor-post__title\">\n\t\t\t<a href=\"https:\/\/aysenyasar.com\/tr\/aile-hukuku\/\" >\n\t\t\t\tA\u0130LE HUKUKU\t\t\t<\/a>\n\t\t<\/h3>\n\t\t\n\t\t<a class=\"elementor-post__read-more\" href=\"https:\/\/aysenyasar.com\/tr\/aile-hukuku\/\" aria-label=\"Read more about A\u0130LE HUKUKU\" tabindex=\"-1\" >\n\t\t\tDevam\u0131n\u0131 Oku \u00bb\t\t<\/a>\n\n\t\t\t\t<\/div>\n\t\t\t\t<\/article>\n\t\t\t\t<article class=\"elementor-post elementor-grid-item post-457 post type-post status-publish format-standard has-post-thumbnail hentry category-faaliyet-alanlari entry\">\n\t\t\t\t<div class=\"elementor-post__text\">\n\t\t\t\t<h3 class=\"elementor-post__title\">\n\t\t\t<a href=\"https:\/\/aysenyasar.com\/tr\/arabuluculuk\/\" >\n\t\t\t\tARABULUCULUK\t\t\t<\/a>\n\t\t<\/h3>\n\t\t\n\t\t<a class=\"elementor-post__read-more\" href=\"https:\/\/aysenyasar.com\/tr\/arabuluculuk\/\" aria-label=\"Read more about ARABULUCULUK\" tabindex=\"-1\" >\n\t\t\tDevam\u0131n\u0131 Oku \u00bb\t\t<\/a>\n\n\t\t\t\t<\/div>\n\t\t\t\t<\/article>\n\t\t\t\t<article class=\"elementor-post elementor-grid-item post-459 post type-post status-publish format-standard has-post-thumbnail hentry category-faaliyet-alanlari entry\">\n\t\t\t\t<div class=\"elementor-post__text\">\n\t\t\t\t<h3 class=\"elementor-post__title\">\n\t\t\t<a href=\"https:\/\/aysenyasar.com\/tr\/birlesme-ve-devralmalar\/\" >\n\t\t\t\tB\u0130RLE\u015eME VE DEVRALMALAR\t\t\t<\/a>\n\t\t<\/h3>\n\t\t\n\t\t<a class=\"elementor-post__read-more\" href=\"https:\/\/aysenyasar.com\/tr\/birlesme-ve-devralmalar\/\" aria-label=\"Read more about B\u0130RLE\u015eME VE DEVRALMALAR\" tabindex=\"-1\" >\n\t\t\tDevam\u0131n\u0131 Oku \u00bb\t\t<\/a>\n\n\t\t\t\t<\/div>\n\t\t\t\t<\/article>\n\t\t\t\t<article class=\"elementor-post elementor-grid-item post-461 post type-post status-publish format-standard has-post-thumbnail hentry category-faaliyet-alanlari entry\">\n\t\t\t\t<div class=\"elementor-post__text\">\n\t\t\t\t<h3 class=\"elementor-post__title\">\n\t\t\t<a href=\"https:\/\/aysenyasar.com\/tr\/dava-hizmetleri-ve-uyusmazlik-cozumu\/\" >\n\t\t\t\tDAVA H\u0130ZMETLER\u0130 VE UYU\u015eMAZLIK \u00c7\u00d6Z\u00dcM\u00dc\t\t\t<\/a>\n\t\t<\/h3>\n\t\t\n\t\t<a class=\"elementor-post__read-more\" href=\"https:\/\/aysenyasar.com\/tr\/dava-hizmetleri-ve-uyusmazlik-cozumu\/\" aria-label=\"Read more about DAVA H\u0130ZMETLER\u0130 VE UYU\u015eMAZLIK \u00c7\u00d6Z\u00dcM\u00dc\" tabindex=\"-1\" >\n\t\t\tDevam\u0131n\u0131 Oku \u00bb\t\t<\/a>\n\n\t\t\t\t<\/div>\n\t\t\t\t<\/article>\n\t\t\t\t<article class=\"elementor-post elementor-grid-item post-463 post type-post status-publish format-standard has-post-thumbnail hentry category-faaliyet-alanlari entry\">\n\t\t\t\t<div class=\"elementor-post__text\">\n\t\t\t\t<h3 class=\"elementor-post__title\">\n\t\t\t<a href=\"https:\/\/aysenyasar.com\/tr\/elektronik-ticaret-hukuku\/\" >\n\t\t\t\tELEKTRON\u0130K T\u0130CARET HUKUKU\t\t\t<\/a>\n\t\t<\/h3>\n\t\t\n\t\t<a class=\"elementor-post__read-more\" href=\"https:\/\/aysenyasar.com\/tr\/elektronik-ticaret-hukuku\/\" aria-label=\"Read more about ELEKTRON\u0130K T\u0130CARET HUKUKU\" tabindex=\"-1\" >\n\t\t\tDevam\u0131n\u0131 Oku \u00bb\t\t<\/a>\n\n\t\t\t\t<\/div>\n\t\t\t\t<\/article>\n\t\t\t\t<article class=\"elementor-post elementor-grid-item post-465 post type-post status-publish format-standard has-post-thumbnail hentry category-faaliyet-alanlari entry\">\n\t\t\t\t<div class=\"elementor-post__text\">\n\t\t\t\t<h3 class=\"elementor-post__title\">\n\t\t\t<a href=\"https:\/\/aysenyasar.com\/tr\/fikri-mulkiyet-hukuku\/\" >\n\t\t\t\tF\u0130KR\u0130 M\u00dcLK\u0130YET HUKUKU\t\t\t<\/a>\n\t\t<\/h3>\n\t\t\n\t\t<a class=\"elementor-post__read-more\" href=\"https:\/\/aysenyasar.com\/tr\/fikri-mulkiyet-hukuku\/\" aria-label=\"Read more about F\u0130KR\u0130 M\u00dcLK\u0130YET HUKUKU\" tabindex=\"-1\" >\n\t\t\tDevam\u0131n\u0131 Oku \u00bb\t\t<\/a>\n\n\t\t\t\t<\/div>\n\t\t\t\t<\/article>\n\t\t\t\t<article class=\"elementor-post elementor-grid-item post-467 post type-post status-publish format-standard has-post-thumbnail hentry category-faaliyet-alanlari entry\">\n\t\t\t\t<div class=\"elementor-post__text\">\n\t\t\t\t<h3 class=\"elementor-post__title\">\n\t\t\t<a href=\"https:\/\/aysenyasar.com\/tr\/is-hukuku\/\" >\n\t\t\t\t\u0130\u015e HUKUKU\t\t\t<\/a>\n\t\t<\/h3>\n\t\t\n\t\t<a class=\"elementor-post__read-more\" href=\"https:\/\/aysenyasar.com\/tr\/is-hukuku\/\" aria-label=\"Read more about \u0130\u015e HUKUKU\" tabindex=\"-1\" >\n\t\t\tDevam\u0131n\u0131 Oku \u00bb\t\t<\/a>\n\n\t\t\t\t<\/div>\n\t\t\t\t<\/article>\n\t\t\t\t<article class=\"elementor-post elementor-grid-item post-469 post type-post status-publish format-standard has-post-thumbnail hentry category-faaliyet-alanlari entry\">\n\t\t\t\t<div class=\"elementor-post__text\">\n\t\t\t\t<h3 class=\"elementor-post__title\">\n\t\t\t<a href=\"https:\/\/aysenyasar.com\/tr\/kisisel-verilerin-korunmasi\/\" >\n\t\t\t\tK\u0130\u015e\u0130SEL VER\u0130LER\u0130N KORUNMASI\t\t\t<\/a>\n\t\t<\/h3>\n\t\t\n\t\t<a class=\"elementor-post__read-more\" href=\"https:\/\/aysenyasar.com\/tr\/kisisel-verilerin-korunmasi\/\" aria-label=\"Read more about K\u0130\u015e\u0130SEL VER\u0130LER\u0130N KORUNMASI\" tabindex=\"-1\" >\n\t\t\tDevam\u0131n\u0131 Oku \u00bb\t\t<\/a>\n\n\t\t\t\t<\/div>\n\t\t\t\t<\/article>\n\t\t\t\t<article class=\"elementor-post elementor-grid-item post-473 post type-post status-publish format-standard has-post-thumbnail hentry category-faaliyet-alanlari entry\">\n\t\t\t\t<div class=\"elementor-post__text\">\n\t\t\t\t<h3 class=\"elementor-post__title\">\n\t\t\t<a href=\"https:\/\/aysenyasar.com\/tr\/sirketler-hukuku\/\" >\n\t\t\t\t\u015e\u0130RKETLER HUKUKU\t\t\t<\/a>\n\t\t<\/h3>\n\t\t\n\t\t<a class=\"elementor-post__read-more\" href=\"https:\/\/aysenyasar.com\/tr\/sirketler-hukuku\/\" aria-label=\"Read more about \u015e\u0130RKETLER HUKUKU\" tabindex=\"-1\" >\n\t\t\tDevam\u0131n\u0131 Oku \u00bb\t\t<\/a>\n\n\t\t\t\t<\/div>\n\t\t\t\t<\/article>\n\t\t\t\t<article class=\"elementor-post elementor-grid-item post-471 post type-post status-publish format-standard has-post-thumbnail hentry category-faaliyet-alanlari entry\">\n\t\t\t\t<div class=\"elementor-post__text\">\n\t\t\t\t<h3 class=\"elementor-post__title\">\n\t\t\t<a href=\"https:\/\/aysenyasar.com\/tr\/sozlesmeler-hukuku\/\" >\n\t\t\t\tS\u00d6ZLE\u015eMELER HUKUKU\t\t\t<\/a>\n\t\t<\/h3>\n\t\t\n\t\t<a class=\"elementor-post__read-more\" href=\"https:\/\/aysenyasar.com\/tr\/sozlesmeler-hukuku\/\" aria-label=\"Read more about S\u00d6ZLE\u015eMELER HUKUKU\" tabindex=\"-1\" >\n\t\t\tDevam\u0131n\u0131 Oku \u00bb\t\t<\/a>\n\n\t\t\t\t<\/div>\n\t\t\t\t<\/article>\n\t\t\t\t<article class=\"elementor-post elementor-grid-item post-475 post type-post status-publish format-standard has-post-thumbnail hentry category-faaliyet-alanlari entry\">\n\t\t\t\t<div class=\"elementor-post__text\">\n\t\t\t\t<h3 class=\"elementor-post__title\">\n\t\t\t<a href=\"https:\/\/aysenyasar.com\/tr\/yabancilar-ve-vatandaslik-hukuku\/\" >\n\t\t\t\tYABANCILAR VE VATANDA\u015eLIK HUKUKU\t\t\t<\/a>\n\t\t<\/h3>\n\t\t\n\t\t<a class=\"elementor-post__read-more\" href=\"https:\/\/aysenyasar.com\/tr\/yabancilar-ve-vatandaslik-hukuku\/\" aria-label=\"Read more about YABANCILAR VE VATANDA\u015eLIK HUKUKU\" tabindex=\"-1\" >\n\t\t\tDevam\u0131n\u0131 Oku \u00bb\t\t<\/a>\n\n\t\t\t\t<\/div>\n\t\t\t\t<\/article>\n\t\t\t\t<\/div>\n\t\t\n\t\t\t\t\t\t<\/div>\n\t\t\t\t<\/div>\n\t\t\t\t<div class=\"elementor-element elementor-element-3fceeb8 elementor-widget elementor-widget-spacer\" data-id=\"3fceeb8\" data-element_type=\"widget\" data-e-type=\"widget\" data-widget_type=\"spacer.default\">\n\t\t\t\t<div class=\"elementor-widget-container\">\n\t\t\t\t\t\t\t<div class=\"elementor-spacer\">\n\t\t\t<div class=\"elementor-spacer-inner\"><\/div>\n\t\t<\/div>\n\t\t\t\t\t\t<\/div>\n\t\t\t\t<\/div>\n\t\t\t\t<\/div>\n\t\t\t\t\t<\/div>\n\t\t\t\t<\/div>\n\t\t\t\t<\/div>\n\t\t","protected":false},"excerpt":{"rendered":"","protected":false},"author":1,"featured_media":0,"parent":0,"menu_order":0,"comment_status":"closed","ping_status":"closed","template":"elementor_header_footer","meta":{"_coblocks_attr":"","_coblocks_dimensions":"","_coblocks_responsive_height":"","_coblocks_accordion_ie_support":"","footnotes":""},"class_list":["post-213","page","type-page","status-publish","hentry","entry"],"_links":{"self":[{"href":"https:\/\/aysenyasar.com\/tr\/wp-json\/wp\/v2\/pages\/213","targetHints":{"allow":["GET"]}}],"collection":[{"href":"https:\/\/aysenyasar.com\/tr\/wp-json\/wp\/v2\/pages"}],"about":[{"href":"https:\/\/aysenyasar.com\/tr\/wp-json\/wp\/v2\/types\/page"}],"author":[{"embeddable":true,"href":"https:\/\/aysenyasar.com\/tr\/wp-json\/wp\/v2\/users\/1"}],"replies":[{"embeddable":true,"href":"https:\/\/aysenyasar.com\/tr\/wp-json\/wp\/v2\/comments?post=213"}],"version-history":[{"count":208,"href":"https:\/\/aysenyasar.com\/tr\/wp-json\/wp\/v2\/pages\/213\/revisions"}],"predecessor-version":[{"id":1618,"href":"https:\/\/aysenyasar.com\/tr\/wp-json\/wp\/v2\/pages\/213\/revisions\/1618"}],"wp:attachment":[{"href":"https:\/\/aysenyasar.com\/tr\/wp-json\/wp\/v2\/media?parent=213"}],"curies":[{"name":"wp","href":"https:\/\/api.w.org\/{rel}","templated":true}]}}