{"id":207,"date":"2023-11-10T21:39:43","date_gmt":"2023-11-10T21:39:43","guid":{"rendered":"https:\/\/aysenyasar.com\/?page_id=207"},"modified":"2023-12-20T12:45:05","modified_gmt":"2023-12-20T12:45:05","slug":"hakkimizda","status":"publish","type":"page","link":"https:\/\/aysenyasar.com\/tr\/hakkimizda\/","title":{"rendered":"Hakk\u0131m\u0131zda"},"content":{"rendered":"\t\t<div data-elementor-type=\"wp-page\" data-elementor-id=\"207\" class=\"elementor elementor-207\" data-elementor-post-type=\"page\">\n\t\t\t\t<div class=\"elementor-element elementor-element-699ef431 e-con-full e-flex e-con e-parent\" data-id=\"699ef431\" data-element_type=\"container\" data-e-type=\"container\" data-settings=\"{&quot;background_background&quot;:&quot;classic&quot;}\">\n\t\t\t\t<\/div>\n\t\t<div class=\"elementor-element elementor-element-34ea740 e-flex e-con-boxed e-con e-parent\" data-id=\"34ea740\" data-element_type=\"container\" data-e-type=\"container\">\n\t\t\t\t\t<div class=\"e-con-inner\">\n\t\t\t\t<div class=\"elementor-element elementor-element-2d5ebe5 elementor-widget elementor-widget-spacer\" data-id=\"2d5ebe5\" data-element_type=\"widget\" data-e-type=\"widget\" data-widget_type=\"spacer.default\">\n\t\t\t\t<div class=\"elementor-widget-container\">\n\t\t\t\t\t\t\t<div class=\"elementor-spacer\">\n\t\t\t<div class=\"elementor-spacer-inner\"><\/div>\n\t\t<\/div>\n\t\t\t\t\t\t<\/div>\n\t\t\t\t<\/div>\n\t\t\t\t\t<\/div>\n\t\t\t\t<\/div>\n\t\t\t\t<section class=\"elementor-section elementor-top-section elementor-element elementor-element-4dcef096 elementor-section-boxed elementor-section-height-default elementor-section-height-default\" data-id=\"4dcef096\" data-element_type=\"section\" data-e-type=\"section\" data-settings=\"{&quot;background_background&quot;:&quot;classic&quot;}\">\n\t\t\t\t\t\t<div class=\"elementor-container elementor-column-gap-default\">\n\t\t\t\t\t<div class=\"elementor-column elementor-col-100 elementor-top-column elementor-element elementor-element-5ed2678f\" data-id=\"5ed2678f\" data-element_type=\"column\" data-e-type=\"column\">\n\t\t\t<div class=\"elementor-widget-wrap elementor-element-populated\">\n\t\t\t\t\t\t<div class=\"elementor-element elementor-element-bd04514 elementor-widget elementor-widget-text-editor\" data-id=\"bd04514\" data-element_type=\"widget\" data-e-type=\"widget\" data-widget_type=\"text-editor.default\">\n\t\t\t\t<div class=\"elementor-widget-container\">\n\t\t\t\t\t\t\t\t\t<p>2012 y\u0131l\u0131ndan beri avukat olarak g\u00f6rev yapan Ay\u015fen Ya\u015far taraf\u0131ndan kurulan avukatl\u0131k b\u00fcromuz, m\u00fcvekkillerine nitelikli dan\u0131\u015fmanl\u0131k ve dava takip hizmetleri sunmaktad\u0131r. B\u00fcromuz, yerli ve yabanc\u0131, bireysel ve kurumsal m\u00fcvekkillerine g\u00fcvenilir, nitelikli, \u015feffaf ve \u00e7\u00f6z\u00fcm odakl\u0131 hizmet vermektedir. Ay\u015fen Ya\u015far Avukatl\u0131k B\u00fcrosu olarak amac\u0131m\u0131z, m\u00fcvekkillerimizin talep ettikleri hukuki hizmet ve dan\u0131\u015fmanl\u0131\u011fa en h\u0131zl\u0131, verimli ve etkin \u015fekilde ula\u015fmalar\u0131n\u0131 sa\u011flamakt\u0131r. B\u00fcromuz T\u00fcrk\u00e7e ve \u0130ngilizce dillerinde hizmet vermektedir.<\/p>\t\t\t\t\t\t\t\t<\/div>\n\t\t\t\t<\/div>\n\t\t\t\t<div class=\"elementor-element elementor-element-abc579c elementor-hidden-desktop elementor-hidden-laptop elementor-hidden-tablet elementor-widget elementor-widget-spacer\" data-id=\"abc579c\" data-element_type=\"widget\" data-e-type=\"widget\" data-widget_type=\"spacer.default\">\n\t\t\t\t<div class=\"elementor-widget-container\">\n\t\t\t\t\t\t\t<div class=\"elementor-spacer\">\n\t\t\t<div class=\"elementor-spacer-inner\"><\/div>\n\t\t<\/div>\n\t\t\t\t\t\t<\/div>\n\t\t\t\t<\/div>\n\t\t\t\t\t<\/div>\n\t\t<\/div>\n\t\t\t\t\t<\/div>\n\t\t<\/section>\n\t\t\t\t<\/div>\n\t\t","protected":false},"excerpt":{"rendered":"<p>2012 y\u0131l\u0131ndan beri avukat olarak g\u00f6rev yapan Ay\u015fen Ya\u015far taraf\u0131ndan kurulan avukatl\u0131k b\u00fcromuz, m\u00fcvekkillerine nitelikli dan\u0131\u015fmanl\u0131k ve dava takip hizmetleri sunmaktad\u0131r. B\u00fcromuz, yerli ve yabanc\u0131, bireysel ve kurumsal m\u00fcvekkillerine g\u00fcvenilir, nitelikli, \u015feffaf ve \u00e7\u00f6z\u00fcm odakl\u0131 hizmet vermektedir. Ay\u015fen Ya\u015far Avukatl\u0131k B\u00fcrosu olarak amac\u0131m\u0131z, m\u00fcvekkillerimizin talep ettikleri hukuki hizmet ve dan\u0131\u015fmanl\u0131\u011fa en h\u0131zl\u0131, verimli ve etkin&hellip; <a class=\"more-link\" href=\"https:\/\/aysenyasar.com\/tr\/hakkimizda\/\">Okumaya devam et <span class=\"screen-reader-text\">Hakk\u0131m\u0131zda<\/span><\/a><\/p>\n","protected":false},"author":1,"featured_media":0,"parent":0,"menu_order":0,"comment_status":"closed","ping_status":"closed","template":"elementor_header_footer","meta":{"_coblocks_attr":"","_coblocks_dimensions":"","_coblocks_responsive_height":"","_coblocks_accordion_ie_support":"","footnotes":""},"class_list":["post-207","page","type-page","status-publish","hentry","entry"],"_links":{"self":[{"href":"https:\/\/aysenyasar.com\/tr\/wp-json\/wp\/v2\/pages\/207","targetHints":{"allow":["GET"]}}],"collection":[{"href":"https:\/\/aysenyasar.com\/tr\/wp-json\/wp\/v2\/pages"}],"about":[{"href":"https:\/\/aysenyasar.com\/tr\/wp-json\/wp\/v2\/types\/page"}],"author":[{"embeddable":true,"href":"https:\/\/aysenyasar.com\/tr\/wp-json\/wp\/v2\/users\/1"}],"replies":[{"embeddable":true,"href":"https:\/\/aysenyasar.com\/tr\/wp-json\/wp\/v2\/comments?post=207"}],"version-history":[{"count":153,"href":"https:\/\/aysenyasar.com\/tr\/wp-json\/wp\/v2\/pages\/207\/revisions"}],"predecessor-version":[{"id":1676,"href":"https:\/\/aysenyasar.com\/tr\/wp-json\/wp\/v2\/pages\/207\/revisions\/1676"}],"wp:attachment":[{"href":"https:\/\/aysenyasar.com\/tr\/wp-json\/wp\/v2\/media?parent=207"}],"curies":[{"name":"wp","href":"https:\/\/api.w.org\/{rel}","templated":true}]}}