{"id":199,"date":"2023-11-10T20:29:33","date_gmt":"2023-11-10T20:29:33","guid":{"rendered":"https:\/\/aysenyasar.com\/?page_id=199"},"modified":"2023-12-20T16:24:54","modified_gmt":"2023-12-20T16:24:54","slug":"anasayfa","status":"publish","type":"page","link":"https:\/\/aysenyasar.com\/tr\/","title":{"rendered":"anasayfa"},"content":{"rendered":"\t\t<div data-elementor-type=\"wp-page\" data-elementor-id=\"199\" class=\"elementor elementor-199\" data-elementor-post-type=\"page\">\n\t\t\t\t<div class=\"elementor-element elementor-element-60ac240 e-flex e-con-boxed e-con e-parent\" data-id=\"60ac240\" data-element_type=\"container\" data-e-type=\"container\">\n\t\t\t\t\t<div class=\"e-con-inner\">\n\t\t\t\t<div class=\"elementor-element elementor-element-ef2eb75 elementor-widget elementor-widget-spacer\" data-id=\"ef2eb75\" data-element_type=\"widget\" data-e-type=\"widget\" data-widget_type=\"spacer.default\">\n\t\t\t\t<div class=\"elementor-widget-container\">\n\t\t\t\t\t\t\t<div class=\"elementor-spacer\">\n\t\t\t<div class=\"elementor-spacer-inner\"><\/div>\n\t\t<\/div>\n\t\t\t\t\t\t<\/div>\n\t\t\t\t<\/div>\n\t\t\t\t\t<\/div>\n\t\t\t\t<\/div>\n\t\t<div class=\"elementor-element elementor-element-fdb8692 e-con-full e-flex e-con e-parent\" data-id=\"fdb8692\" data-element_type=\"container\" data-e-type=\"container\">\n\t\t\t\t<div class=\"elementor-element elementor-element-782ea3f elementor-posts--thumbnail-none elementor-posts--align-center elementor-grid-3 elementor-grid-tablet-2 elementor-grid-mobile-1 elementor-invisible elementor-widget elementor-widget-posts\" data-id=\"782ea3f\" data-element_type=\"widget\" data-e-type=\"widget\" data-settings=\"{&quot;classic_row_gap&quot;:{&quot;unit&quot;:&quot;px&quot;,&quot;size&quot;:59,&quot;sizes&quot;:[]},&quot;_animation&quot;:&quot;fadeIn&quot;,&quot;classic_columns&quot;:&quot;3&quot;,&quot;classic_columns_tablet&quot;:&quot;2&quot;,&quot;classic_columns_mobile&quot;:&quot;1&quot;,&quot;classic_row_gap_laptop&quot;:{&quot;unit&quot;:&quot;px&quot;,&quot;size&quot;:&quot;&quot;,&quot;sizes&quot;:[]},&quot;classic_row_gap_tablet&quot;:{&quot;unit&quot;:&quot;px&quot;,&quot;size&quot;:&quot;&quot;,&quot;sizes&quot;:[]},&quot;classic_row_gap_mobile&quot;:{&quot;unit&quot;:&quot;px&quot;,&quot;size&quot;:&quot;&quot;,&quot;sizes&quot;:[]}}\" data-widget_type=\"posts.classic\">\n\t\t\t\t<div class=\"elementor-widget-container\">\n\t\t\t\t\t\t\t<div class=\"elementor-posts-container elementor-posts elementor-posts--skin-classic elementor-grid\">\n\t\t\t\t<article class=\"elementor-post elementor-grid-item post-1743 post type-post status-publish format-standard hentry category-yayinlar entry\">\n\t\t\t\t<div class=\"elementor-post__text\">\n\t\t\t\t<h3 class=\"elementor-post__title\">\n\t\t\t<a href=\"https:\/\/aysenyasar.com\/tr\/joint-stock-companies\/\" >\n\t\t\t\tJOINT STOCK COMPANIES\t\t\t<\/a>\n\t\t<\/h3>\n\t\t\t\t<div class=\"elementor-post__excerpt\">\n\t\t\t<p>Turkish Commercial Code (\u201cTCC\u201d) numbered 6102 specifically determines the types of companies that may be established in Turkey. TCC allows the formation of five different<\/p>\n\t\t<\/div>\n\t\t\n\t\t<a class=\"elementor-post__read-more\" href=\"https:\/\/aysenyasar.com\/tr\/joint-stock-companies\/\" aria-label=\"Read more about JOINT STOCK COMPANIES\" tabindex=\"-1\" >\n\t\t\t\u0130NCELE\t\t<\/a>\n\n\t\t\t\t<\/div>\n\t\t\t\t<\/article>\n\t\t\t\t<article class=\"elementor-post elementor-grid-item post-1732 post type-post status-publish format-standard hentry category-yayinlar tag-anlasmali-bosanma tag-bosanma entry\">\n\t\t\t\t<div class=\"elementor-post__text\">\n\t\t\t\t<h3 class=\"elementor-post__title\">\n\t\t\t<a href=\"https:\/\/aysenyasar.com\/tr\/anlasmali-bosanma\/\" >\n\t\t\t\tANLA\u015eMALI BO\u015eANMA\t\t\t<\/a>\n\t\t<\/h3>\n\t\t\t\t<div class=\"elementor-post__excerpt\">\n\t\t\t<p>ANLA\u015eMALI BO\u015eANMA Giri\u015f Anla\u015fmal\u0131 bo\u015fanma, en basit ifadeyle e\u015flerin ortak iradeleri ve r\u0131zalar\u0131 ile evlilik birli\u011fini sonland\u0131rmalar\u0131 \u015feklinde tan\u0131mlanabilir. Anla\u015fmal\u0131 bo\u015fanma, T\u00fcrk Medeni Kanunu\u2019nun (\u201cTMK\u201d)<\/p>\n\t\t<\/div>\n\t\t\n\t\t<a class=\"elementor-post__read-more\" href=\"https:\/\/aysenyasar.com\/tr\/anlasmali-bosanma\/\" aria-label=\"Read more about ANLA\u015eMALI BO\u015eANMA\" tabindex=\"-1\" >\n\t\t\t\u0130NCELE\t\t<\/a>\n\n\t\t\t\t<\/div>\n\t\t\t\t<\/article>\n\t\t\t\t<article class=\"elementor-post elementor-grid-item post-1703 post type-post status-publish format-standard hentry category-yayinlar tag-anonim-sirket tag-corporate tag-corporate-law tag-joint-stock-company tag-turkish-commercial-code entry\">\n\t\t\t\t<div class=\"elementor-post__text\">\n\t\t\t\t<h3 class=\"elementor-post__title\">\n\t\t\t<a href=\"https:\/\/aysenyasar.com\/tr\/anonim-sirketler\/\" >\n\t\t\t\tANON\u0130M \u015e\u0130RKETLER\t\t\t<\/a>\n\t\t<\/h3>\n\t\t\t\t<div class=\"elementor-post__excerpt\">\n\t\t\t<p>ANON\u0130M \u015e\u0130RKETLER Giri\u015f 6102 say\u0131l\u0131 T\u00fcrk Ticaret Kanunu (&#8220;TTK&#8221;), T\u00fcrkiye&#8217;de kurulabilecek \u015firket t\u00fcrlerini belirlemektedir. TTK, be\u015f farkl\u0131 yap\u0131da \u015firket kurulmas\u0131na izin vermektedir. Bunlar, kolektif \u015firket,<\/p>\n\t\t<\/div>\n\t\t\n\t\t<a class=\"elementor-post__read-more\" href=\"https:\/\/aysenyasar.com\/tr\/anonim-sirketler\/\" aria-label=\"Read more about ANON\u0130M \u015e\u0130RKETLER\" tabindex=\"-1\" >\n\t\t\t\u0130NCELE\t\t<\/a>\n\n\t\t\t\t<\/div>\n\t\t\t\t<\/article>\n\t\t\t\t<\/div>\n\t\t\n\t\t\t\t\t\t<\/div>\n\t\t\t\t<\/div>\n\t\t\t\t<div class=\"elementor-element elementor-element-0b23ef5 elementor-widget elementor-widget-spacer\" data-id=\"0b23ef5\" data-element_type=\"widget\" data-e-type=\"widget\" data-widget_type=\"spacer.default\">\n\t\t\t\t<div class=\"elementor-widget-container\">\n\t\t\t\t\t\t\t<div class=\"elementor-spacer\">\n\t\t\t<div class=\"elementor-spacer-inner\"><\/div>\n\t\t<\/div>\n\t\t\t\t\t\t<\/div>\n\t\t\t\t<\/div>\n\t\t\t\t<\/div>\n\t\t\t\t<\/div>\n\t\t","protected":false},"excerpt":{"rendered":"","protected":false},"author":1,"featured_media":0,"parent":0,"menu_order":0,"comment_status":"closed","ping_status":"closed","template":"elementor_header_footer","meta":{"_coblocks_attr":"","_coblocks_dimensions":"","_coblocks_responsive_height":"","_coblocks_accordion_ie_support":"","footnotes":""},"class_list":["post-199","page","type-page","status-publish","hentry","entry"],"_links":{"self":[{"href":"https:\/\/aysenyasar.com\/tr\/wp-json\/wp\/v2\/pages\/199","targetHints":{"allow":["GET"]}}],"collection":[{"href":"https:\/\/aysenyasar.com\/tr\/wp-json\/wp\/v2\/pages"}],"about":[{"href":"https:\/\/aysenyasar.com\/tr\/wp-json\/wp\/v2\/types\/page"}],"author":[{"embeddable":true,"href":"https:\/\/aysenyasar.com\/tr\/wp-json\/wp\/v2\/users\/1"}],"replies":[{"embeddable":true,"href":"https:\/\/aysenyasar.com\/tr\/wp-json\/wp\/v2\/comments?post=199"}],"version-history":[{"count":445,"href":"https:\/\/aysenyasar.com\/tr\/wp-json\/wp\/v2\/pages\/199\/revisions"}],"predecessor-version":[{"id":1686,"href":"https:\/\/aysenyasar.com\/tr\/wp-json\/wp\/v2\/pages\/199\/revisions\/1686"}],"wp:attachment":[{"href":"https:\/\/aysenyasar.com\/tr\/wp-json\/wp\/v2\/media?parent=199"}],"curies":[{"name":"wp","href":"https:\/\/api.w.org\/{rel}","templated":true}]}}