{"id":1212,"date":"2023-12-16T09:01:16","date_gmt":"2023-12-16T09:01:16","guid":{"rendered":"https:\/\/aysenyasar.com\/?page_id=1212"},"modified":"2024-01-18T09:08:05","modified_gmt":"2024-01-18T09:08:05","slug":"yayinlar-ve-haberler","status":"publish","type":"page","link":"https:\/\/aysenyasar.com\/tr\/yayinlar-ve-haberler\/","title":{"rendered":"Yay\u0131nlar ve Haberler"},"content":{"rendered":"\t\t<div data-elementor-type=\"wp-page\" data-elementor-id=\"1212\" class=\"elementor elementor-1212\" data-elementor-post-type=\"page\">\n\t\t\t\t<div class=\"elementor-element elementor-element-63eec66a e-flex e-con-boxed e-con e-parent\" data-id=\"63eec66a\" data-element_type=\"container\" data-e-type=\"container\" data-settings=\"{&quot;background_background&quot;:&quot;classic&quot;}\">\n\t\t\t\t\t<div class=\"e-con-inner\">\n\t\t\t\t<div class=\"elementor-element elementor-element-5cbe3c7e elementor-widget elementor-widget-heading\" data-id=\"5cbe3c7e\" data-element_type=\"widget\" data-e-type=\"widget\" data-widget_type=\"heading.default\">\n\t\t\t\t<div class=\"elementor-widget-container\">\n\t\t\t\t\t<h2 class=\"elementor-heading-title elementor-size-default\">Yay\u0131nlar<\/h2>\t\t\t\t<\/div>\n\t\t\t\t<\/div>\n\t\t\t\t\t<\/div>\n\t\t\t\t<\/div>\n\t\t<div class=\"elementor-element elementor-element-3593959 e-flex e-con-boxed e-con e-parent\" data-id=\"3593959\" data-element_type=\"container\" data-e-type=\"container\">\n\t\t\t\t\t<div class=\"e-con-inner\">\n\t\t\t\t<div class=\"elementor-element elementor-element-8e4a749 elementor-widget elementor-widget-spacer\" data-id=\"8e4a749\" data-element_type=\"widget\" data-e-type=\"widget\" data-widget_type=\"spacer.default\">\n\t\t\t\t<div class=\"elementor-widget-container\">\n\t\t\t\t\t\t\t<div class=\"elementor-spacer\">\n\t\t\t<div class=\"elementor-spacer-inner\"><\/div>\n\t\t<\/div>\n\t\t\t\t\t\t<\/div>\n\t\t\t\t<\/div>\n\t\t\t\t<div class=\"elementor-element elementor-element-329c395 elementor-posts--thumbnail-none elementor-grid-3 elementor-grid-tablet-2 elementor-grid-mobile-1 elementor-card-shadow-yes elementor-posts__hover-gradient elementor-widget elementor-widget-posts\" data-id=\"329c395\" data-element_type=\"widget\" data-e-type=\"widget\" data-settings=\"{&quot;cards_columns&quot;:&quot;3&quot;,&quot;cards_columns_tablet&quot;:&quot;2&quot;,&quot;cards_columns_mobile&quot;:&quot;1&quot;,&quot;cards_row_gap&quot;:{&quot;unit&quot;:&quot;px&quot;,&quot;size&quot;:35,&quot;sizes&quot;:[]},&quot;cards_row_gap_laptop&quot;:{&quot;unit&quot;:&quot;px&quot;,&quot;size&quot;:&quot;&quot;,&quot;sizes&quot;:[]},&quot;cards_row_gap_tablet&quot;:{&quot;unit&quot;:&quot;px&quot;,&quot;size&quot;:&quot;&quot;,&quot;sizes&quot;:[]},&quot;cards_row_gap_mobile&quot;:{&quot;unit&quot;:&quot;px&quot;,&quot;size&quot;:&quot;&quot;,&quot;sizes&quot;:[]}}\" data-widget_type=\"posts.cards\">\n\t\t\t\t<div class=\"elementor-widget-container\">\n\t\t\t\t\t\t\t<div class=\"elementor-posts-container elementor-posts elementor-posts--skin-cards elementor-grid\">\n\t\t\t\t<article class=\"elementor-post elementor-grid-item post-1743 post type-post status-publish format-standard hentry category-yayinlar entry\">\n\t\t\t<div class=\"elementor-post__card\">\n\t\t\t\t<div class=\"elementor-post__text\">\n\t\t\t\t<h2 class=\"elementor-post__title\">\n\t\t\t<a href=\"https:\/\/aysenyasar.com\/tr\/joint-stock-companies\/\" >\n\t\t\t\tJOINT STOCK COMPANIES\t\t\t<\/a>\n\t\t<\/h2>\n\t\t\t\t<div class=\"elementor-post__excerpt\">\n\t\t\t<p>Turkish Commercial Code (\u201cTCC\u201d) numbered 6102 specifically determines the types of companies that may be established in Turkey. TCC allows the formation of five different<\/p>\n\t\t<\/div>\n\t\t\n\t\t<a class=\"elementor-post__read-more\" href=\"https:\/\/aysenyasar.com\/tr\/joint-stock-companies\/\" aria-label=\"Read more about JOINT STOCK COMPANIES\" tabindex=\"-1\" >\n\t\t\tDevam\u0131n\u0131 Oku \u00bb\t\t<\/a>\n\n\t\t\t\t<\/div>\n\t\t\t\t<div class=\"elementor-post__meta-data\">\n\t\t\t\t\t<span class=\"elementor-post-date\">\n\t\t\t\u015eubat 1, 2024\t\t<\/span>\n\t\t\t\t<\/div>\n\t\t\t\t\t<\/div>\n\t\t<\/article>\n\t\t\t\t<article class=\"elementor-post elementor-grid-item post-1732 post type-post status-publish format-standard hentry category-yayinlar tag-anlasmali-bosanma tag-bosanma entry\">\n\t\t\t<div class=\"elementor-post__card\">\n\t\t\t\t<div class=\"elementor-post__text\">\n\t\t\t\t<h2 class=\"elementor-post__title\">\n\t\t\t<a href=\"https:\/\/aysenyasar.com\/tr\/anlasmali-bosanma\/\" >\n\t\t\t\tANLA\u015eMALI BO\u015eANMA\t\t\t<\/a>\n\t\t<\/h2>\n\t\t\t\t<div class=\"elementor-post__excerpt\">\n\t\t\t<p>ANLA\u015eMALI BO\u015eANMA Giri\u015f Anla\u015fmal\u0131 bo\u015fanma, en basit ifadeyle e\u015flerin ortak iradeleri ve r\u0131zalar\u0131 ile evlilik birli\u011fini sonland\u0131rmalar\u0131 \u015feklinde tan\u0131mlanabilir. Anla\u015fmal\u0131 bo\u015fanma, T\u00fcrk Medeni Kanunu\u2019nun (\u201cTMK\u201d)<\/p>\n\t\t<\/div>\n\t\t\n\t\t<a class=\"elementor-post__read-more\" href=\"https:\/\/aysenyasar.com\/tr\/anlasmali-bosanma\/\" aria-label=\"Read more about ANLA\u015eMALI BO\u015eANMA\" tabindex=\"-1\" >\n\t\t\tDevam\u0131n\u0131 Oku \u00bb\t\t<\/a>\n\n\t\t\t\t<\/div>\n\t\t\t\t<div class=\"elementor-post__meta-data\">\n\t\t\t\t\t<span class=\"elementor-post-date\">\n\t\t\tOcak 17, 2024\t\t<\/span>\n\t\t\t\t<\/div>\n\t\t\t\t\t<\/div>\n\t\t<\/article>\n\t\t\t\t<article class=\"elementor-post elementor-grid-item post-1703 post type-post status-publish format-standard hentry category-yayinlar tag-anonim-sirket tag-corporate tag-corporate-law tag-joint-stock-company tag-turkish-commercial-code entry\">\n\t\t\t<div class=\"elementor-post__card\">\n\t\t\t\t<div class=\"elementor-post__text\">\n\t\t\t\t<h2 class=\"elementor-post__title\">\n\t\t\t<a href=\"https:\/\/aysenyasar.com\/tr\/anonim-sirketler\/\" >\n\t\t\t\tANON\u0130M \u015e\u0130RKETLER\t\t\t<\/a>\n\t\t<\/h2>\n\t\t\t\t<div class=\"elementor-post__excerpt\">\n\t\t\t<p>ANON\u0130M \u015e\u0130RKETLER Giri\u015f 6102 say\u0131l\u0131 T\u00fcrk Ticaret Kanunu (&#8220;TTK&#8221;), T\u00fcrkiye&#8217;de kurulabilecek \u015firket t\u00fcrlerini belirlemektedir. TTK, be\u015f farkl\u0131 yap\u0131da \u015firket kurulmas\u0131na izin vermektedir. Bunlar, kolektif \u015firket,<\/p>\n\t\t<\/div>\n\t\t\n\t\t<a class=\"elementor-post__read-more\" href=\"https:\/\/aysenyasar.com\/tr\/anonim-sirketler\/\" aria-label=\"Read more about ANON\u0130M \u015e\u0130RKETLER\" tabindex=\"-1\" >\n\t\t\tDevam\u0131n\u0131 Oku \u00bb\t\t<\/a>\n\n\t\t\t\t<\/div>\n\t\t\t\t<div class=\"elementor-post__meta-data\">\n\t\t\t\t\t<span class=\"elementor-post-date\">\n\t\t\tOcak 17, 2024\t\t<\/span>\n\t\t\t\t<\/div>\n\t\t\t\t\t<\/div>\n\t\t<\/article>\n\t\t\t\t<article class=\"elementor-post elementor-grid-item post-475 post type-post status-publish format-standard has-post-thumbnail hentry category-faaliyet-alanlari entry\">\n\t\t\t<div class=\"elementor-post__card\">\n\t\t\t\t<div class=\"elementor-post__text\">\n\t\t\t\t<h2 class=\"elementor-post__title\">\n\t\t\t<a href=\"https:\/\/aysenyasar.com\/tr\/yabancilar-ve-vatandaslik-hukuku\/\" >\n\t\t\t\tYABANCILAR VE VATANDA\u015eLIK HUKUKU\t\t\t<\/a>\n\t\t<\/h2>\n\t\t\t\t<div class=\"elementor-post__excerpt\">\n\t\t\t<p>Yabanc\u0131lar ve Vatanda\u015fl\u0131k Hukuku\u2019na ili\u015fkin hususlar b\u00fcromuzun hizmet verdi\u011fi ana hizmet konular\u0131 aras\u0131nda yer almaktad\u0131r. Yabanc\u0131 devlet vatanda\u015fl\u0131\u011f\u0131na sahip ger\u00e7ek ve t\u00fczel ki\u015fi m\u00fcvekkillerimize hizmetlerden<\/p>\n\t\t<\/div>\n\t\t\n\t\t<a class=\"elementor-post__read-more\" href=\"https:\/\/aysenyasar.com\/tr\/yabancilar-ve-vatandaslik-hukuku\/\" aria-label=\"Read more about YABANCILAR VE VATANDA\u015eLIK HUKUKU\" tabindex=\"-1\" >\n\t\t\tDevam\u0131n\u0131 Oku \u00bb\t\t<\/a>\n\n\t\t\t\t<\/div>\n\t\t\t\t<div class=\"elementor-post__meta-data\">\n\t\t\t\t\t<span class=\"elementor-post-date\">\n\t\t\tKas\u0131m 13, 2023\t\t<\/span>\n\t\t\t\t<\/div>\n\t\t\t\t\t<\/div>\n\t\t<\/article>\n\t\t\t\t<article class=\"elementor-post elementor-grid-item post-469 post type-post status-publish format-standard has-post-thumbnail hentry category-faaliyet-alanlari entry\">\n\t\t\t<div class=\"elementor-post__card\">\n\t\t\t\t<div class=\"elementor-post__text\">\n\t\t\t\t<h2 class=\"elementor-post__title\">\n\t\t\t<a href=\"https:\/\/aysenyasar.com\/tr\/kisisel-verilerin-korunmasi\/\" >\n\t\t\t\tK\u0130\u015e\u0130SEL VER\u0130LER\u0130N KORUNMASI\t\t\t<\/a>\n\t\t<\/h2>\n\t\t\t\t<div class=\"elementor-post__excerpt\">\n\t\t\t<p>T\u00fcrkiye\u2019de son y\u0131llarda ki\u015fisel verilerin korunmas\u0131na ili\u015fkin yasa ve y\u00f6netmelikler y\u00fcr\u00fcrl\u00fc\u011fe girmi\u015ftir. Ki\u015fisel verilerin korunmas\u0131na ili\u015fkin t\u00fcm bu yasal h\u00fck\u00fcmlerle, ki\u015fisel verilerin i\u015flenmesi, silinmesi, saklanmas\u0131,<\/p>\n\t\t<\/div>\n\t\t\n\t\t<a class=\"elementor-post__read-more\" href=\"https:\/\/aysenyasar.com\/tr\/kisisel-verilerin-korunmasi\/\" aria-label=\"Read more about K\u0130\u015e\u0130SEL VER\u0130LER\u0130N KORUNMASI\" tabindex=\"-1\" >\n\t\t\tDevam\u0131n\u0131 Oku \u00bb\t\t<\/a>\n\n\t\t\t\t<\/div>\n\t\t\t\t<div class=\"elementor-post__meta-data\">\n\t\t\t\t\t<span class=\"elementor-post-date\">\n\t\t\tKas\u0131m 13, 2023\t\t<\/span>\n\t\t\t\t<\/div>\n\t\t\t\t\t<\/div>\n\t\t<\/article>\n\t\t\t\t<article class=\"elementor-post elementor-grid-item post-471 post type-post status-publish format-standard has-post-thumbnail hentry category-faaliyet-alanlari entry\">\n\t\t\t<div class=\"elementor-post__card\">\n\t\t\t\t<div class=\"elementor-post__text\">\n\t\t\t\t<h2 class=\"elementor-post__title\">\n\t\t\t<a href=\"https:\/\/aysenyasar.com\/tr\/sozlesmeler-hukuku\/\" >\n\t\t\t\tS\u00d6ZLE\u015eMELER HUKUKU\t\t\t<\/a>\n\t\t<\/h2>\n\t\t\t\t<div class=\"elementor-post__excerpt\">\n\t\t\t<p>S\u00f6zle\u015fmeler Hukuku, ger\u00e7ek ya da t\u00fczel ki\u015filerin bor\u00e7 alt\u0131na girdikleri ve taahh\u00fctlerde bulunduklar\u0131 hukuki i\u015flemleri kapsayan bir aland\u0131r. Bu sebeple, taraflar\u0131n bor\u00e7 ve taahh\u00fctler alt\u0131na<\/p>\n\t\t<\/div>\n\t\t\n\t\t<a class=\"elementor-post__read-more\" href=\"https:\/\/aysenyasar.com\/tr\/sozlesmeler-hukuku\/\" aria-label=\"Read more about S\u00d6ZLE\u015eMELER HUKUKU\" tabindex=\"-1\" >\n\t\t\tDevam\u0131n\u0131 Oku \u00bb\t\t<\/a>\n\n\t\t\t\t<\/div>\n\t\t\t\t<div class=\"elementor-post__meta-data\">\n\t\t\t\t\t<span class=\"elementor-post-date\">\n\t\t\tKas\u0131m 13, 2023\t\t<\/span>\n\t\t\t\t<\/div>\n\t\t\t\t\t<\/div>\n\t\t<\/article>\n\t\t\t\t<\/div>\n\t\t\n\t\t\t\t\t\t<\/div>\n\t\t\t\t<\/div>\n\t\t\t\t<div class=\"elementor-element elementor-element-514378d elementor-widget elementor-widget-spacer\" data-id=\"514378d\" data-element_type=\"widget\" data-e-type=\"widget\" data-widget_type=\"spacer.default\">\n\t\t\t\t<div class=\"elementor-widget-container\">\n\t\t\t\t\t\t\t<div class=\"elementor-spacer\">\n\t\t\t<div class=\"elementor-spacer-inner\"><\/div>\n\t\t<\/div>\n\t\t\t\t\t\t<\/div>\n\t\t\t\t<\/div>\n\t\t\t\t\t<\/div>\n\t\t\t\t<\/div>\n\t\t<div class=\"elementor-element elementor-element-7e51aee e-flex e-con-boxed e-con e-parent\" data-id=\"7e51aee\" data-element_type=\"container\" data-e-type=\"container\">\n\t\t\t\t\t<div class=\"e-con-inner\">\n\t\t\t\t<div class=\"elementor-element elementor-element-ef82e0f elementor-widget elementor-widget-spacer\" data-id=\"ef82e0f\" data-element_type=\"widget\" data-e-type=\"widget\" data-widget_type=\"spacer.default\">\n\t\t\t\t<div class=\"elementor-widget-container\">\n\t\t\t\t\t\t\t<div class=\"elementor-spacer\">\n\t\t\t<div class=\"elementor-spacer-inner\"><\/div>\n\t\t<\/div>\n\t\t\t\t\t\t<\/div>\n\t\t\t\t<\/div>\n\t\t\t\t\t<\/div>\n\t\t\t\t<\/div>\n\t\t\t\t<\/div>\n\t\t","protected":false},"excerpt":{"rendered":"<p>Yay\u0131nlar<\/p>\n","protected":false},"author":1,"featured_media":0,"parent":0,"menu_order":0,"comment_status":"closed","ping_status":"closed","template":"elementor_header_footer","meta":{"_coblocks_attr":"","_coblocks_dimensions":"","_coblocks_responsive_height":"","_coblocks_accordion_ie_support":"","footnotes":""},"class_list":["post-1212","page","type-page","status-publish","hentry","entry"],"_links":{"self":[{"href":"https:\/\/aysenyasar.com\/tr\/wp-json\/wp\/v2\/pages\/1212","targetHints":{"allow":["GET"]}}],"collection":[{"href":"https:\/\/aysenyasar.com\/tr\/wp-json\/wp\/v2\/pages"}],"about":[{"href":"https:\/\/aysenyasar.com\/tr\/wp-json\/wp\/v2\/types\/page"}],"author":[{"embeddable":true,"href":"https:\/\/aysenyasar.com\/tr\/wp-json\/wp\/v2\/users\/1"}],"replies":[{"embeddable":true,"href":"https:\/\/aysenyasar.com\/tr\/wp-json\/wp\/v2\/comments?post=1212"}],"version-history":[{"count":59,"href":"https:\/\/aysenyasar.com\/tr\/wp-json\/wp\/v2\/pages\/1212\/revisions"}],"predecessor-version":[{"id":1738,"href":"https:\/\/aysenyasar.com\/tr\/wp-json\/wp\/v2\/pages\/1212\/revisions\/1738"}],"wp:attachment":[{"href":"https:\/\/aysenyasar.com\/tr\/wp-json\/wp\/v2\/media?parent=1212"}],"curies":[{"name":"wp","href":"https:\/\/api.w.org\/{rel}","templated":true}]}}